{"id":1364,"date":"2024-04-23T19:55:52","date_gmt":"2024-04-23T19:55:52","guid":{"rendered":"https:\/\/lawsuit.co.il\/?post_type=product&#038;p=1364"},"modified":"2024-05-04T08:42:45","modified_gmt":"2024-05-04T05:42:45","slug":"50k-tokens-legal-ai-agent","status":"publish","type":"product","link":"https:\/\/lawsuit.co.il\/ro\/50k-tokens-legal-ai-agent\/","title":{"rendered":"Pachet Pro (50k jetoane)"},"content":{"rendered":"<p style=\"direction: ltr;\">Legal AI Agent\u2122<\/p>\n<p style=\"direction: ltr;\">Solu\u021bie LegalTech inovatoare<\/p>\n<p style=\"text-align: right;\">Acest pachet con\u021bine 50.000 de jetoane pentru a fi utilizate cu agentul nostru legal AI de ultim\u0103 or\u0103. Un instrument avansat \u0219i revolu\u021bionar de inteligen\u021b\u0103 artificial\u0103, Legal AI Agent folose\u0219te cele mai recente progrese \u00een procesarea limbajului natural \u0219i \u00eenv\u0103\u021barea automat\u0103 pentru a eficientiza \u0219i \u00eembun\u0103t\u0103\u021bi fluxurile de lucru legale.<\/p>\n<p style=\"text-align: right;\">Valorific\u00e2nd puterea modelelor de limbaj proprietare instruite pe seturi vaste de date de documenta\u021bie juridic\u0103, Legal AI Agent ofer\u0103 capacit\u0103\u021bi de neegalat pentru revizuirea contractelor, due diligence, cercetare juridic\u0103 \u0219i suport pentru redactare. Interfa\u021ba sa intuitiv\u0103 \u0219i integrarea perfect\u0103 permit profesioni\u0219tilor din domeniul juridic s\u0103 lucreze mai inteligent, mai rapid \u0219i cu o precizie f\u0103r\u0103 precedent.<\/p>\n<p style=\"text-align: right;\">Experimenta\u021bi o nou\u0103 frontier\u0103 \u00een tehnologia juridic\u0103 cu Legal AI Agent \u2013 unde inova\u021bia se \u00eent\u00e2lne\u0219te cu excelen\u021ba \u00een c\u0103utarea unei competen\u021be juridice f\u0103r\u0103 compromisuri.<\/p>","protected":false},"excerpt":{"rendered":"<pre class=\"chat-content relative m-0 w-full whitespace-pre-wrap bg-transparent px-[1.5rem] py-[0.75rem] indent-0 font-[inherit] text-[1em] text-inherit [word-break:break-word] empty:!hidden\" style=\"direction: ltr;\">Elibera\u021bi \u00eentregul poten\u021bial al tehnologiei juridice cu Legal AI Agent\u2122 \u2013 solu\u021bia dumneavoastr\u0103 inovatoare LegalTech, \u00eempreun\u0103 cu o trezorerie substan\u021bial\u0103 de 50.000 de jetoane. Acest instrument de ultim\u0103 genera\u021bie \u00eentruchipeaz\u0103 apogeul dezvolt\u0103rii inteligen\u021bei artificiale, utiliz\u00e2nd procesarea avansat\u0103 a limbajului natural \u0219i algoritmi sofistica\u021bi de \u00eenv\u0103\u021bare automat\u0103 pentru a revolu\u021biona practicile legale.\r\n<\/pre>","protected":false},"featured_media":1369,"comment_status":"open","ping_status":"closed","template":"","meta":[],"product_brand":[],"product_cat":[295],"product_tag":[],"class_list":{"0":"post-1364","1":"product","2":"type-product","3":"status-publish","4":"has-post-thumbnail","6":"product_cat-ai-credits","8":"first","9":"instock","10":"sale","11":"virtual","12":"purchasable","13":"product-type-simple"},"_links":{"self":[{"href":"https:\/\/lawsuit.co.il\/ro\/wp-json\/wp\/v2\/product\/1364","targetHints":{"allow":["GET"]}}],"collection":[{"href":"https:\/\/lawsuit.co.il\/ro\/wp-json\/wp\/v2\/product"}],"about":[{"href":"https:\/\/lawsuit.co.il\/ro\/wp-json\/wp\/v2\/types\/product"}],"replies":[{"embeddable":true,"href":"https:\/\/lawsuit.co.il\/ro\/wp-json\/wp\/v2\/comments?post=1364"}],"wp:featuredmedia":[{"embeddable":true,"href":"https:\/\/lawsuit.co.il\/ro\/wp-json\/wp\/v2\/media\/1369"}],"wp:attachment":[{"href":"https:\/\/lawsuit.co.il\/ro\/wp-json\/wp\/v2\/media?parent=1364"}],"wp:term":[{"taxonomy":"product_brand","embeddable":true,"href":"https:\/\/lawsuit.co.il\/ro\/wp-json\/wp\/v2\/product_brand?post=1364"},{"taxonomy":"product_cat","embeddable":true,"href":"https:\/\/lawsuit.co.il\/ro\/wp-json\/wp\/v2\/product_cat?post=1364"},{"taxonomy":"product_tag","embeddable":true,"href":"https:\/\/lawsuit.co.il\/ro\/wp-json\/wp\/v2\/product_tag?post=1364"}],"curies":[{"name":"wp","href":"https:\/\/api.w.org\/{rel}","templated":true}]}}